{"id":5347,"date":"2021-09-24T11:40:30","date_gmt":"2021-09-24T09:40:30","guid":{"rendered":"https:\/\/www.lepramisszio.hu\/?page_id=5347"},"modified":"2022-04-13T18:09:10","modified_gmt":"2022-04-13T16:09:10","slug":"a-leprarol","status":"publish","type":"page","link":"https:\/\/www.lepramisszio.hu\/en\/a-leprarol\/","title":{"rendered":"About leprosy"},"content":{"rendered":"<div data-elementor-type=\"wp-page\" data-elementor-id=\"5347\" class=\"elementor elementor-5347\" data-elementor-post-type=\"page\">\n\t\t\t\t\t\t<section class=\"elementor-section elementor-top-section elementor-element elementor-element-fb0b329 elementor-section-boxed elementor-section-height-default elementor-section-height-default\" data-id=\"fb0b329\" data-element_type=\"section\" data-settings=\"{&quot;background_background&quot;:&quot;classic&quot;}\">\n\t\t\t\t\t\t\t<div class=\"elementor-background-overlay\"><\/div>\n\t\t\t\t\t\t\t<div class=\"elementor-container elementor-column-gap-default\">\n\t\t\t\t\t<div class=\"elementor-column elementor-col-100 elementor-top-column elementor-element elementor-element-426ee61\" data-id=\"426ee61\" data-element_type=\"column\">\n\t\t\t<div class=\"elementor-widget-wrap elementor-element-populated\">\n\t\t\t\t\t\t<div class=\"elementor-element elementor-element-511143d elementor-widget__width-auto elementor-widget elementor-widget-heading\" data-id=\"511143d\" data-element_type=\"widget\" data-widget_type=\"heading.default\">\n\t\t\t\t<div class=\"elementor-widget-container\">\n\t\t\t\t\t<h2 class=\"elementor-heading-title elementor-size-default\">About leprosy<\/h2>\t\t\t\t<\/div>\n\t\t\t\t<\/div>\n\t\t\t\t\t<\/div>\n\t\t<\/div>\n\t\t\t\t\t<\/div>\n\t\t<\/section>\n\t\t\t\t<section class=\"elementor-section elementor-top-section elementor-element elementor-element-119b01d elementor-section-boxed elementor-section-height-default elementor-section-height-default\" data-id=\"119b01d\" data-element_type=\"section\" data-settings=\"{&quot;background_background&quot;:&quot;classic&quot;}\">\n\t\t\t\t\t\t<div class=\"elementor-container elementor-column-gap-default\">\n\t\t\t\t\t<div class=\"elementor-column elementor-col-100 elementor-top-column elementor-element elementor-element-6b702f4\" data-id=\"6b702f4\" data-element_type=\"column\">\n\t\t\t<div class=\"elementor-widget-wrap elementor-element-populated\">\n\t\t\t\t\t\t<section class=\"elementor-section elementor-inner-section elementor-element elementor-element-6de0bc2 elementor-section-full_width elementor-section-content-middle elementor-reverse-mobile elementor-section-height-default elementor-section-height-default\" data-id=\"6de0bc2\" data-element_type=\"section\">\n\t\t\t\t\t\t<div class=\"elementor-container elementor-column-gap-default\">\n\t\t\t\t\t<div class=\"elementor-column elementor-col-100 elementor-inner-column elementor-element elementor-element-74f220e\" data-id=\"74f220e\" data-element_type=\"column\">\n\t\t\t<div class=\"elementor-widget-wrap elementor-element-populated\">\n\t\t\t\t\t\t<div class=\"elementor-element elementor-element-6ae31ce elementor-widget elementor-widget-heading\" data-id=\"6ae31ce\" data-element_type=\"widget\" data-widget_type=\"heading.default\">\n\t\t\t\t<div class=\"elementor-widget-container\">\n\t\t\t\t\t<h2 class=\"elementor-heading-title elementor-size-default\"><a href=\"https:\/\/www.lepramisszio.hu\/en\/category\/a-leprarol\/the-leprosy\/\">The leprosy disease<\/a><\/h2>\t\t\t\t<\/div>\n\t\t\t\t<\/div>\n\t\t\t\t\t<\/div>\n\t\t<\/div>\n\t\t\t\t\t<\/div>\n\t\t<\/section>\n\t\t\t\t<div class=\"elementor-element elementor-element-494d87f elementor-posts--align-left elementor-grid-4 elementor-widget__width-initial elementor-grid-tablet-2 elementor-grid-mobile-1 elementor-posts--thumbnail-top elementor-widget elementor-widget-posts\" data-id=\"494d87f\" data-element_type=\"widget\" data-settings=\"{&quot;classic_row_gap&quot;:{&quot;unit&quot;:&quot;px&quot;,&quot;size&quot;:20,&quot;sizes&quot;:[]},&quot;classic_columns&quot;:&quot;4&quot;,&quot;classic_columns_tablet&quot;:&quot;2&quot;,&quot;classic_columns_mobile&quot;:&quot;1&quot;,&quot;classic_row_gap_tablet&quot;:{&quot;unit&quot;:&quot;px&quot;,&quot;size&quot;:&quot;&quot;,&quot;sizes&quot;:[]},&quot;classic_row_gap_mobile&quot;:{&quot;unit&quot;:&quot;px&quot;,&quot;size&quot;:&quot;&quot;,&quot;sizes&quot;:[]}}\" data-widget_type=\"posts.classic\">\n\t\t\t\t<div class=\"elementor-widget-container\">\n\t\t\t\t\t\t\t<div class=\"elementor-posts-container elementor-posts elementor-posts--skin-classic elementor-grid\">\n\t\t\t\t<article class=\"elementor-post elementor-grid-item post-16 post type-post status-publish format-standard has-post-thumbnail hentry category-a-leprabetegseg category-a-leprarol tag-hogyan-terjed-a-lepra tag-mi-a-lepra\">\n\t\t\t\t<a class=\"elementor-post__thumbnail__link\" href=\"https:\/\/www.lepramisszio.hu\/en\/a-care\/\" tabindex=\"-1\" >\n\t\t\t<div class=\"elementor-post__thumbnail\"><img fetchpriority=\"high\" decoding=\"async\" width=\"720\" height=\"537\" src=\"https:\/\/www.lepramisszio.hu\/wp-content\/uploads\/2016\/02\/057..jpg\" class=\"attachment-full size-full wp-image-650\" alt=\"Mycobacterium\" srcset=\"https:\/\/www.lepramisszio.hu\/wp-content\/uploads\/2016\/02\/057..jpg 720w, https:\/\/www.lepramisszio.hu\/wp-content\/uploads\/2016\/02\/057.-300x224.jpg 300w\" sizes=\"(max-width: 720px) 100vw, 720px\" \/><\/div>\n\t\t<\/a>\n\t\t\t\t<div class=\"elementor-post__text\">\n\t\t\t\t<h3 class=\"elementor-post__title\">\n\t\t\t<a href=\"https:\/\/www.lepramisszio.hu\/en\/a-care\/\" >\n\t\t\t\tDescription of leprosy\t\t\t<\/a>\n\t\t<\/h3>\n\t\t\t\t<div class=\"elementor-post__excerpt\">\n\t\t\t<p>Leprosy is one of the oldest afflictions of mankind, but it is still with us today. Today, every two minutes someone on Earth is diagnosed with leprosy, and every fifth is a child!<\/p>\n\t\t<\/div>\n\t\t\n\t\t<a class=\"elementor-post__read-more\" href=\"https:\/\/www.lepramisszio.hu\/en\/a-care\/\" aria-label=\"Read more about Description of leprosy\" tabindex=\"-1\" >\n\t\t\tRead more\t\t<\/a>\n\n\t\t\t\t<\/div>\n\t\t\t\t<\/article>\n\t\t\t\t<article class=\"elementor-post elementor-grid-item post-18 post type-post status-publish format-standard has-post-thumbnail hentry category-a-leprabetegseg category-a-leprarol tag-lepra-tunetei tag-tunetek\">\n\t\t\t\t<a class=\"elementor-post__thumbnail__link\" href=\"https:\/\/www.lepramisszio.hu\/en\/tunetei\/\" tabindex=\"-1\" >\n\t\t\t<div class=\"elementor-post__thumbnail\"><img decoding=\"async\" width=\"793\" height=\"528\" src=\"https:\/\/www.lepramisszio.hu\/wp-content\/uploads\/2016\/02\/lepra-kezdetben.jpg\" class=\"attachment-full size-full wp-image-116\" alt=\"\" srcset=\"https:\/\/www.lepramisszio.hu\/wp-content\/uploads\/2016\/02\/lepra-kezdetben.jpg 793w, https:\/\/www.lepramisszio.hu\/wp-content\/uploads\/2016\/02\/lepra-kezdetben-300x200.jpg 300w, https:\/\/www.lepramisszio.hu\/wp-content\/uploads\/2016\/02\/lepra-kezdetben-768x511.jpg 768w\" sizes=\"(max-width: 793px) 100vw, 793px\" \/><\/div>\n\t\t<\/a>\n\t\t\t\t<div class=\"elementor-post__text\">\n\t\t\t\t<h3 class=\"elementor-post__title\">\n\t\t\t<a href=\"https:\/\/www.lepramisszio.hu\/en\/tunetei\/\" >\n\t\t\t\tSymptoms of leprosy\t\t\t<\/a>\n\t\t<\/h3>\n\t\t\t\t<div class=\"elementor-post__excerpt\">\n\t\t\t<p>The most common outward symptom of leprosy in the early stages is a change in skin colour, with light patches appearing on dark skin. The pathogen first attacks the most delicate nerve endings: the sensory nerves close to the skin surface.<\/p>\n\t\t<\/div>\n\t\t\n\t\t<a class=\"elementor-post__read-more\" href=\"https:\/\/www.lepramisszio.hu\/en\/tunetei\/\" aria-label=\"Read more about Symptoms of leprosy\" tabindex=\"-1\" >\n\t\t\tRead more\t\t<\/a>\n\n\t\t\t\t<\/div>\n\t\t\t\t<\/article>\n\t\t\t\t<article class=\"elementor-post elementor-grid-item post-245 post type-post status-publish format-standard has-post-thumbnail hentry category-a-leprabetegseg category-a-leprarol\">\n\t\t\t\t<a class=\"elementor-post__thumbnail__link\" href=\"https:\/\/www.lepramisszio.hu\/en\/covetousness\/\" tabindex=\"-1\" >\n\t\t\t<div class=\"elementor-post__thumbnail\"><img decoding=\"async\" width=\"1500\" height=\"1125\" src=\"https:\/\/www.lepramisszio.hu\/wp-content\/uploads\/2016\/02\/a-nagypapa-volt-beteg.jpg\" class=\"attachment-full size-full wp-image-114\" alt=\"The grandfather was sick,...\" srcset=\"https:\/\/www.lepramisszio.hu\/wp-content\/uploads\/2016\/02\/a-nagypapa-volt-beteg.jpg 1500w, https:\/\/www.lepramisszio.hu\/wp-content\/uploads\/2016\/02\/a-nagypapa-volt-beteg-300x225.jpg 300w, https:\/\/www.lepramisszio.hu\/wp-content\/uploads\/2016\/02\/a-nagypapa-volt-beteg-768x576.jpg 768w, https:\/\/www.lepramisszio.hu\/wp-content\/uploads\/2016\/02\/a-nagypapa-volt-beteg-1024x768.jpg 1024w\" sizes=\"(max-width: 1500px) 100vw, 1500px\" \/><\/div>\n\t\t<\/a>\n\t\t\t\t<div class=\"elementor-post__text\">\n\t\t\t\t<h3 class=\"elementor-post__title\">\n\t\t\t<a href=\"https:\/\/www.lepramisszio.hu\/en\/covetousness\/\" >\n\t\t\t\tShame stamp\t\t\t<\/a>\n\t\t<\/h3>\n\t\t\t\t<div class=\"elementor-post__excerpt\">\n\t\t\t<p>For thousands of years, the stigma has been the greatest emotional pain for people with leprosy and their relatives. The stigma is a far greater pain than the disease itself!<\/p>\n\t\t<\/div>\n\t\t\n\t\t<a class=\"elementor-post__read-more\" href=\"https:\/\/www.lepramisszio.hu\/en\/covetousness\/\" aria-label=\"Read more about Shame stamp\" tabindex=\"-1\" >\n\t\t\tRead more\t\t<\/a>\n\n\t\t\t\t<\/div>\n\t\t\t\t<\/article>\n\t\t\t\t<article class=\"elementor-post elementor-grid-item post-255 post type-post status-publish format-standard has-post-thumbnail hentry category-a-leprabetegseg category-a-leprarol\">\n\t\t\t\t<a class=\"elementor-post__thumbnail__link\" href=\"https:\/\/www.lepramisszio.hu\/en\/gyogyithato\/\" tabindex=\"-1\" >\n\t\t\t<div class=\"elementor-post__thumbnail\"><img loading=\"lazy\" decoding=\"async\" width=\"982\" height=\"1300\" src=\"https:\/\/www.lepramisszio.hu\/wp-content\/uploads\/2016\/02\/11.-Gerhard-Armauer-Hansen-1841-1912-1.jpg\" class=\"attachment-full size-full wp-image-251\" alt=\"\" srcset=\"https:\/\/www.lepramisszio.hu\/wp-content\/uploads\/2016\/02\/11.-Gerhard-Armauer-Hansen-1841-1912-1.jpg 982w, https:\/\/www.lepramisszio.hu\/wp-content\/uploads\/2016\/02\/11.-Gerhard-Armauer-Hansen-1841-1912-1-227x300.jpg 227w, https:\/\/www.lepramisszio.hu\/wp-content\/uploads\/2016\/02\/11.-Gerhard-Armauer-Hansen-1841-1912-1-768x1017.jpg 768w, https:\/\/www.lepramisszio.hu\/wp-content\/uploads\/2016\/02\/11.-Gerhard-Armauer-Hansen-1841-1912-1-774x1024.jpg 774w\" sizes=\"(max-width: 982px) 100vw, 982px\" \/><\/div>\n\t\t<\/a>\n\t\t\t\t<div class=\"elementor-post__text\">\n\t\t\t\t<h3 class=\"elementor-post__title\">\n\t\t\t<a href=\"https:\/\/www.lepramisszio.hu\/en\/gyogyithato\/\" >\n\t\t\t\tCuring leprosy\t\t\t<\/a>\n\t\t<\/h3>\n\t\t\t\t<div class=\"elementor-post__excerpt\">\n\t\t\t<p>Yes, leprosy is now curable! The cure for leprosy has been greatly accelerated. Within 24 hours of starting to take the medicine, the infection in the body stops. The good news of a cure is very hard to spread.<\/p>\n\t\t<\/div>\n\t\t\n\t\t<a class=\"elementor-post__read-more\" href=\"https:\/\/www.lepramisszio.hu\/en\/gyogyithato\/\" aria-label=\"Read more about Curing leprosy\" tabindex=\"-1\" >\n\t\t\tRead more\t\t<\/a>\n\n\t\t\t\t<\/div>\n\t\t\t\t<\/article>\n\t\t\t\t<\/div>\n\t\t\n\t\t\t\t\t\t<\/div>\n\t\t\t\t<\/div>\n\t\t\t\t<div class=\"elementor-element elementor-element-7aa1692 elementor-widget elementor-widget-heading\" data-id=\"7aa1692\" data-element_type=\"widget\" data-widget_type=\"heading.default\">\n\t\t\t\t<div class=\"elementor-widget-container\">\n\t\t\t\t\t<h2 class=\"elementor-heading-title elementor-size-default\"><a href=\"https:\/\/www.lepramisszio.hu\/en\/category\/a-leprarol\/the-patients-health\/\">History of the disease<\/a><\/h2>\t\t\t\t<\/div>\n\t\t\t\t<\/div>\n\t\t\t\t<div class=\"elementor-element elementor-element-bd0a9d2 elementor-posts--align-left elementor-grid-2 elementor-grid-tablet-2 elementor-grid-mobile-1 elementor-posts--thumbnail-top elementor-widget elementor-widget-posts\" data-id=\"bd0a9d2\" data-element_type=\"widget\" data-settings=\"{&quot;classic_row_gap&quot;:{&quot;unit&quot;:&quot;px&quot;,&quot;size&quot;:20,&quot;sizes&quot;:[]},&quot;classic_columns&quot;:&quot;2&quot;,&quot;classic_columns_tablet&quot;:&quot;2&quot;,&quot;classic_columns_mobile&quot;:&quot;1&quot;,&quot;classic_row_gap_tablet&quot;:{&quot;unit&quot;:&quot;px&quot;,&quot;size&quot;:&quot;&quot;,&quot;sizes&quot;:[]},&quot;classic_row_gap_mobile&quot;:{&quot;unit&quot;:&quot;px&quot;,&quot;size&quot;:&quot;&quot;,&quot;sizes&quot;:[]}}\" data-widget_type=\"posts.classic\">\n\t\t\t\t<div class=\"elementor-widget-container\">\n\t\t\t\t\t\t\t<div class=\"elementor-posts-container elementor-posts elementor-posts--skin-classic elementor-grid\">\n\t\t\t\t<article class=\"elementor-post elementor-grid-item post-257 post type-post status-publish format-standard has-post-thumbnail hentry category-a-betegseg-tortenete category-a-leprarol\">\n\t\t\t\t<a class=\"elementor-post__thumbnail__link\" href=\"https:\/\/www.lepramisszio.hu\/en\/a-lepra-a-multban\/\" tabindex=\"-1\" >\n\t\t\t<div class=\"elementor-post__thumbnail\"><img loading=\"lazy\" decoding=\"async\" width=\"1370\" height=\"1027\" src=\"https:\/\/www.lepramisszio.hu\/wp-content\/uploads\/2020\/03\/bannai-oreganyam.jpg\" class=\"attachment-full size-full wp-image-2475\" alt=\"\" srcset=\"https:\/\/www.lepramisszio.hu\/wp-content\/uploads\/2020\/03\/bannai-oreganyam.jpg 1370w, https:\/\/www.lepramisszio.hu\/wp-content\/uploads\/2020\/03\/bannai-oreganyam-300x225.jpg 300w, https:\/\/www.lepramisszio.hu\/wp-content\/uploads\/2020\/03\/bannai-oreganyam-1024x768.jpg 1024w, https:\/\/www.lepramisszio.hu\/wp-content\/uploads\/2020\/03\/bannai-oreganyam-768x576.jpg 768w\" sizes=\"(max-width: 1370px) 100vw, 1370px\" \/><\/div>\n\t\t<\/a>\n\t\t\t\t<div class=\"elementor-post__text\">\n\t\t\t\t<h3 class=\"elementor-post__title\">\n\t\t\t<a href=\"https:\/\/www.lepramisszio.hu\/en\/a-lepra-a-multban\/\" >\n\t\t\t\tLeprosy in the past\t\t\t<\/a>\n\t\t<\/h3>\n\t\t\t\t<div class=\"elementor-post__excerpt\">\n\t\t\t<p>It is one of the oldest diseases of mankind. 1750 BC: The Code of Hammurabi mentions that \"lepers are to be excluded from society\".<\/p>\n\t\t<\/div>\n\t\t\n\t\t<a class=\"elementor-post__read-more\" href=\"https:\/\/www.lepramisszio.hu\/en\/a-lepra-a-multban\/\" aria-label=\"Read more about Leprosy in the past\" tabindex=\"-1\" >\n\t\t\tRead more\t\t<\/a>\n\n\t\t\t\t<\/div>\n\t\t\t\t<\/article>\n\t\t\t\t<article class=\"elementor-post elementor-grid-item post-259 post type-post status-publish format-standard has-post-thumbnail hentry category-a-betegseg-tortenete category-a-leprarol\">\n\t\t\t\t<a class=\"elementor-post__thumbnail__link\" href=\"https:\/\/www.lepramisszio.hu\/en\/on-the-eve-of-our-anniversary\/\" tabindex=\"-1\" >\n\t\t\t<div class=\"elementor-post__thumbnail\"><img loading=\"lazy\" decoding=\"async\" width=\"2560\" height=\"1920\" src=\"https:\/\/www.lepramisszio.hu\/wp-content\/uploads\/2020\/04\/4-scaled.jpg\" class=\"attachment-full size-full wp-image-2547\" alt=\"\" srcset=\"https:\/\/www.lepramisszio.hu\/wp-content\/uploads\/2020\/04\/4-scaled.jpg 2560w, https:\/\/www.lepramisszio.hu\/wp-content\/uploads\/2020\/04\/4-300x225.jpg 300w, https:\/\/www.lepramisszio.hu\/wp-content\/uploads\/2020\/04\/4-1024x768.jpg 1024w, https:\/\/www.lepramisszio.hu\/wp-content\/uploads\/2020\/04\/4-768x576.jpg 768w, https:\/\/www.lepramisszio.hu\/wp-content\/uploads\/2020\/04\/4-1536x1152.jpg 1536w, https:\/\/www.lepramisszio.hu\/wp-content\/uploads\/2020\/04\/4-2048x1536.jpg 2048w\" sizes=\"(max-width: 2560px) 100vw, 2560px\" \/><\/div>\n\t\t<\/a>\n\t\t\t\t<div class=\"elementor-post__text\">\n\t\t\t\t<h3 class=\"elementor-post__title\">\n\t\t\t<a href=\"https:\/\/www.lepramisszio.hu\/en\/on-the-eve-of-our-anniversary\/\" >\n\t\t\t\tLeprosy today\t\t\t<\/a>\n\t\t<\/h3>\n\t\t\t\t<div class=\"elementor-post__excerpt\">\n\t\t\t<p>Unfortunately, millions of people in Asia, Africa and South America still suffer from leprosy today! 80% of the world's leprosy patients live in India.<\/p>\n\t\t<\/div>\n\t\t\n\t\t<a class=\"elementor-post__read-more\" href=\"https:\/\/www.lepramisszio.hu\/en\/on-the-eve-of-our-anniversary\/\" aria-label=\"Read more about Leprosy today\" tabindex=\"-1\" >\n\t\t\tRead more\t\t<\/a>\n\n\t\t\t\t<\/div>\n\t\t\t\t<\/article>\n\t\t\t\t<\/div>\n\t\t\n\t\t\t\t\t\t<\/div>\n\t\t\t\t<\/div>\n\t\t\t\t<div class=\"elementor-element elementor-element-91f2a69 elementor-widget elementor-widget-heading\" data-id=\"91f2a69\" data-element_type=\"widget\" data-widget_type=\"heading.default\">\n\t\t\t\t<div class=\"elementor-widget-container\">\n\t\t\t\t\t<h2 class=\"elementor-heading-title elementor-size-default\"><a href=\"https:\/\/www.lepramisszio.hu\/en\/category\/a-leprarol\/the-patients-health\/\">Frequently asked questions<\/a><\/h2>\t\t\t\t<\/div>\n\t\t\t\t<\/div>\n\t\t\t\t<div class=\"elementor-element elementor-element-a36ee4c elementor-posts--align-left elementor-grid-1 elementor-widget__width-inherit elementor-widget-tablet__width-inherit elementor-grid-tablet-2 elementor-grid-mobile-1 elementor-posts--thumbnail-top elementor-widget elementor-widget-posts\" data-id=\"a36ee4c\" data-element_type=\"widget\" data-settings=\"{&quot;classic_row_gap&quot;:{&quot;unit&quot;:&quot;px&quot;,&quot;size&quot;:20,&quot;sizes&quot;:[]},&quot;classic_columns&quot;:&quot;1&quot;,&quot;classic_columns_tablet&quot;:&quot;2&quot;,&quot;classic_columns_mobile&quot;:&quot;1&quot;,&quot;classic_row_gap_tablet&quot;:{&quot;unit&quot;:&quot;px&quot;,&quot;size&quot;:&quot;&quot;,&quot;sizes&quot;:[]},&quot;classic_row_gap_mobile&quot;:{&quot;unit&quot;:&quot;px&quot;,&quot;size&quot;:&quot;&quot;,&quot;sizes&quot;:[]}}\" data-widget_type=\"posts.classic\">\n\t\t\t\t<div class=\"elementor-widget-container\">\n\t\t\t\t\t\t\t<div class=\"elementor-posts-container elementor-posts elementor-posts--skin-classic elementor-grid\">\n\t\t\t\t<article class=\"elementor-post elementor-grid-item post-261 post type-post status-publish format-standard has-post-thumbnail hentry category-a-leprarol\">\n\t\t\t\t<a class=\"elementor-post__thumbnail__link\" href=\"https:\/\/www.lepramisszio.hu\/en\/common-grounds\/\" tabindex=\"-1\" >\n\t\t\t<div class=\"elementor-post__thumbnail\"><img loading=\"lazy\" decoding=\"async\" width=\"1237\" height=\"825\" src=\"https:\/\/www.lepramisszio.hu\/wp-content\/uploads\/2021\/09\/rabiul4.jpg\" class=\"attachment-full size-full wp-image-5692\" alt=\"\" srcset=\"https:\/\/www.lepramisszio.hu\/wp-content\/uploads\/2021\/09\/rabiul4.jpg 1237w, https:\/\/www.lepramisszio.hu\/wp-content\/uploads\/2021\/09\/rabiul4-300x200.jpg 300w, https:\/\/www.lepramisszio.hu\/wp-content\/uploads\/2021\/09\/rabiul4-1024x683.jpg 1024w, https:\/\/www.lepramisszio.hu\/wp-content\/uploads\/2021\/09\/rabiul4-768x512.jpg 768w\" sizes=\"(max-width: 1237px) 100vw, 1237px\" \/><\/div>\n\t\t<\/a>\n\t\t\t\t<div class=\"elementor-post__text\">\n\t\t\t\t<h3 class=\"elementor-post__title\">\n\t\t\t<a href=\"https:\/\/www.lepramisszio.hu\/en\/common-grounds\/\" >\n\t\t\t\tFrequently asked questions\t\t\t<\/a>\n\t\t<\/h3>\n\t\t\t\t<div class=\"elementor-post__excerpt\">\n\t\t\t<p>Infectious?  Would we catch leprosy if we were among the sick? Is it hereditary? A fatal disease? How long does it take to develop? Can leprosy be prevented? Find the answers in this article.<\/p>\n\t\t<\/div>\n\t\t\n\t\t<a class=\"elementor-post__read-more\" href=\"https:\/\/www.lepramisszio.hu\/en\/common-grounds\/\" aria-label=\"Read more about Frequently asked questions\" tabindex=\"-1\" >\n\t\t\tRead more\t\t<\/a>\n\n\t\t\t\t<\/div>\n\t\t\t\t<\/article>\n\t\t\t\t<\/div>\n\t\t\n\t\t\t\t\t\t<\/div>\n\t\t\t\t<\/div>\n\t\t\t\t\t<\/div>\n\t\t<\/div>\n\t\t\t\t\t<\/div>\n\t\t<\/section>\n\t\t\t\t<\/div>","protected":false},"excerpt":{"rendered":"<p>About leprosy Leprosy The history of the disease Frequently asked questions<\/p>","protected":false},"author":2,"featured_media":0,"parent":0,"menu_order":0,"comment_status":"closed","ping_status":"closed","template":"elementor_header_footer","meta":{"footnotes":""},"class_list":["post-5347","page","type-page","status-publish","hentry"],"yoast_head":"<!-- This site is optimized with the Yoast SEO plugin v25.1 - https:\/\/yoast.com\/wordpress\/plugins\/seo\/ -->\n<title>A lepr\u00e1r\u00f3l - Lepramisszi\u00f3 - Magyarorsz\u00e1g<\/title>\n<meta name=\"robots\" content=\"index, follow, max-snippet:-1, max-image-preview:large, max-video-preview:-1\" \/>\n<link rel=\"canonical\" href=\"https:\/\/www.lepramisszio.hu\/en\/a-leprarol\/\" \/>\n<meta property=\"og:locale\" content=\"en_GB\" \/>\n<meta property=\"og:type\" content=\"article\" \/>\n<meta property=\"og:title\" content=\"A lepr\u00e1r\u00f3l - Lepramisszi\u00f3 - Magyarorsz\u00e1g\" \/>\n<meta property=\"og:description\" content=\"A lepr\u00e1r\u00f3l A leprabetegs\u00e9g A betegs\u00e9g t\u00f6rt\u00e9nete Gyakori k\u00e9rd\u00e9sek\" \/>\n<meta property=\"og:url\" content=\"https:\/\/www.lepramisszio.hu\/en\/a-leprarol\/\" \/>\n<meta property=\"og:site_name\" content=\"Lepramisszi\u00f3 - Magyarorsz\u00e1g\" \/>\n<meta property=\"article:modified_time\" content=\"2022-04-13T16:09:10+00:00\" \/>\n<meta name=\"twitter:card\" content=\"summary_large_image\" \/>\n<meta name=\"twitter:label1\" content=\"Estimated reading time\" \/>\n\t<meta name=\"twitter:data1\" content=\"3 minutes\" \/>\n<script type=\"application\/ld+json\" class=\"yoast-schema-graph\">{\"@context\":\"https:\/\/schema.org\",\"@graph\":[{\"@type\":\"WebPage\",\"@id\":\"https:\/\/www.lepramisszio.hu\/a-leprarol\/\",\"url\":\"https:\/\/www.lepramisszio.hu\/a-leprarol\/\",\"name\":\"A lepr\u00e1r\u00f3l - Lepramisszi\u00f3 - Magyarorsz\u00e1g\",\"isPartOf\":{\"@id\":\"https:\/\/www.lepramisszio.hu\/#website\"},\"datePublished\":\"2021-09-24T09:40:30+00:00\",\"dateModified\":\"2022-04-13T16:09:10+00:00\",\"breadcrumb\":{\"@id\":\"https:\/\/www.lepramisszio.hu\/a-leprarol\/#breadcrumb\"},\"inLanguage\":\"en-GB\",\"potentialAction\":[{\"@type\":\"ReadAction\",\"target\":[\"https:\/\/www.lepramisszio.hu\/a-leprarol\/\"]}]},{\"@type\":\"BreadcrumbList\",\"@id\":\"https:\/\/www.lepramisszio.hu\/a-leprarol\/#breadcrumb\",\"itemListElement\":[{\"@type\":\"ListItem\",\"position\":1,\"name\":\"Home\",\"item\":\"https:\/\/www.lepramisszio.hu\/\"},{\"@type\":\"ListItem\",\"position\":2,\"name\":\"A lepr\u00e1r\u00f3l\"}]},{\"@type\":\"WebSite\",\"@id\":\"https:\/\/www.lepramisszio.hu\/#website\",\"url\":\"https:\/\/www.lepramisszio.hu\/\",\"name\":\"Lepramisszi\u00f3 - Magyarorsz\u00e1g\",\"description\":\"\",\"publisher\":{\"@id\":\"https:\/\/www.lepramisszio.hu\/#organization\"},\"potentialAction\":[{\"@type\":\"SearchAction\",\"target\":{\"@type\":\"EntryPoint\",\"urlTemplate\":\"https:\/\/www.lepramisszio.hu\/?s={search_term_string}\"},\"query-input\":{\"@type\":\"PropertyValueSpecification\",\"valueRequired\":true,\"valueName\":\"search_term_string\"}}],\"inLanguage\":\"en-GB\"},{\"@type\":\"Organization\",\"@id\":\"https:\/\/www.lepramisszio.hu\/#organization\",\"name\":\"Lepramisszi\u00f3 - Magyarorsz\u00e1g\",\"url\":\"https:\/\/www.lepramisszio.hu\/\",\"logo\":{\"@type\":\"ImageObject\",\"inLanguage\":\"en-GB\",\"@id\":\"https:\/\/www.lepramisszio.hu\/#\/schema\/logo\/image\/\",\"url\":\"https:\/\/www.lepramisszio.hu\/wp-content\/uploads\/2020\/10\/cropped-logo-kor-2-1.png\",\"contentUrl\":\"https:\/\/www.lepramisszio.hu\/wp-content\/uploads\/2020\/10\/cropped-logo-kor-2-1.png\",\"width\":250,\"height\":226,\"caption\":\"Lepramisszi\u00f3 - Magyarorsz\u00e1g\"},\"image\":{\"@id\":\"https:\/\/www.lepramisszio.hu\/#\/schema\/logo\/image\/\"}}]}<\/script>\n<!-- \/ Yoast SEO plugin. -->","yoast_head_json":{"title":"A lepr\u00e1r\u00f3l - Lepramisszi\u00f3 - Magyarorsz\u00e1g","robots":{"index":"index","follow":"follow","max-snippet":"max-snippet:-1","max-image-preview":"max-image-preview:large","max-video-preview":"max-video-preview:-1"},"canonical":"https:\/\/www.lepramisszio.hu\/en\/a-leprarol\/","og_locale":"en_GB","og_type":"article","og_title":"A lepr\u00e1r\u00f3l - Lepramisszi\u00f3 - Magyarorsz\u00e1g","og_description":"A lepr\u00e1r\u00f3l A leprabetegs\u00e9g A betegs\u00e9g t\u00f6rt\u00e9nete Gyakori k\u00e9rd\u00e9sek","og_url":"https:\/\/www.lepramisszio.hu\/en\/a-leprarol\/","og_site_name":"Lepramisszi\u00f3 - Magyarorsz\u00e1g","article_modified_time":"2022-04-13T16:09:10+00:00","twitter_card":"summary_large_image","twitter_misc":{"Estimated reading time":"3 minutes"},"schema":{"@context":"https:\/\/schema.org","@graph":[{"@type":"WebPage","@id":"https:\/\/www.lepramisszio.hu\/a-leprarol\/","url":"https:\/\/www.lepramisszio.hu\/a-leprarol\/","name":"A lepr\u00e1r\u00f3l - Lepramisszi\u00f3 - Magyarorsz\u00e1g","isPartOf":{"@id":"https:\/\/www.lepramisszio.hu\/#website"},"datePublished":"2021-09-24T09:40:30+00:00","dateModified":"2022-04-13T16:09:10+00:00","breadcrumb":{"@id":"https:\/\/www.lepramisszio.hu\/a-leprarol\/#breadcrumb"},"inLanguage":"en-GB","potentialAction":[{"@type":"ReadAction","target":["https:\/\/www.lepramisszio.hu\/a-leprarol\/"]}]},{"@type":"BreadcrumbList","@id":"https:\/\/www.lepramisszio.hu\/a-leprarol\/#breadcrumb","itemListElement":[{"@type":"ListItem","position":1,"name":"Home","item":"https:\/\/www.lepramisszio.hu\/"},{"@type":"ListItem","position":2,"name":"A lepr\u00e1r\u00f3l"}]},{"@type":"WebSite","@id":"https:\/\/www.lepramisszio.hu\/#website","url":"https:\/\/www.lepramisszio.hu\/","name":"Lepramisszi\u00f3 - Magyarorsz\u00e1g","description":"","publisher":{"@id":"https:\/\/www.lepramisszio.hu\/#organization"},"potentialAction":[{"@type":"SearchAction","target":{"@type":"EntryPoint","urlTemplate":"https:\/\/www.lepramisszio.hu\/?s={search_term_string}"},"query-input":{"@type":"PropertyValueSpecification","valueRequired":true,"valueName":"search_term_string"}}],"inLanguage":"en-GB"},{"@type":"Organization","@id":"https:\/\/www.lepramisszio.hu\/#organization","name":"Lepramisszi\u00f3 - Magyarorsz\u00e1g","url":"https:\/\/www.lepramisszio.hu\/","logo":{"@type":"ImageObject","inLanguage":"en-GB","@id":"https:\/\/www.lepramisszio.hu\/#\/schema\/logo\/image\/","url":"https:\/\/www.lepramisszio.hu\/wp-content\/uploads\/2020\/10\/cropped-logo-kor-2-1.png","contentUrl":"https:\/\/www.lepramisszio.hu\/wp-content\/uploads\/2020\/10\/cropped-logo-kor-2-1.png","width":250,"height":226,"caption":"Lepramisszi\u00f3 - Magyarorsz\u00e1g"},"image":{"@id":"https:\/\/www.lepramisszio.hu\/#\/schema\/logo\/image\/"}}]}},"_links":{"self":[{"href":"https:\/\/www.lepramisszio.hu\/en\/wp-json\/wp\/v2\/pages\/5347","targetHints":{"allow":["GET"]}}],"collection":[{"href":"https:\/\/www.lepramisszio.hu\/en\/wp-json\/wp\/v2\/pages"}],"about":[{"href":"https:\/\/www.lepramisszio.hu\/en\/wp-json\/wp\/v2\/types\/page"}],"author":[{"embeddable":true,"href":"https:\/\/www.lepramisszio.hu\/en\/wp-json\/wp\/v2\/users\/2"}],"replies":[{"embeddable":true,"href":"https:\/\/www.lepramisszio.hu\/en\/wp-json\/wp\/v2\/comments?post=5347"}],"version-history":[{"count":89,"href":"https:\/\/www.lepramisszio.hu\/en\/wp-json\/wp\/v2\/pages\/5347\/revisions"}],"predecessor-version":[{"id":7794,"href":"https:\/\/www.lepramisszio.hu\/en\/wp-json\/wp\/v2\/pages\/5347\/revisions\/7794"}],"wp:attachment":[{"href":"https:\/\/www.lepramisszio.hu\/en\/wp-json\/wp\/v2\/media?parent=5347"}],"curies":[{"name":"wp","href":"https:\/\/api.w.org\/{rel}","templated":true}]}}